{"id":32,"date":"2022-01-24T19:59:45","date_gmt":"2022-01-24T18:59:45","guid":{"rendered":"http:\/\/dev.aspttcaenvolley.fr\/?page_id=32"},"modified":"2022-08-17T12:37:40","modified_gmt":"2022-08-17T10:37:40","slug":"actus","status":"publish","type":"page","link":"https:\/\/aspttcaenvolley.fr\/index.php\/actus\/","title":{"rendered":"ACTUS"},"content":{"rendered":"\t\t<div data-elementor-type=\"wp-page\" data-elementor-id=\"32\" class=\"elementor elementor-32\">\n\t\t\t\t\t\t<section class=\"has_eae_slider elementor-section elementor-inner-section elementor-element elementor-element-52a0c135 elementor-section-boxed elementor-section-height-default elementor-section-height-default\" data-eae-slider=\"64666\" data-id=\"52a0c135\" data-element_type=\"section\" data-settings=\"{&quot;background_background&quot;:&quot;classic&quot;}\">\n\t\t\t\t\t\t<div class=\"elementor-container elementor-column-gap-default\">\n\t\t\t\t\t<div class=\"has_eae_slider elementor-column elementor-col-100 elementor-inner-column elementor-element elementor-element-3a5c36a5 col-match-live\" data-eae-slider=\"84816\" data-id=\"3a5c36a5\" data-element_type=\"column\">\n\t\t\t<div class=\"elementor-widget-wrap elementor-element-populated\">\n\t\t\t\t\t\t<div class=\"elementor-element elementor-element-6dfb4d06 titre-actus elementor-widget elementor-widget-heading\" data-id=\"6dfb4d06\" data-element_type=\"widget\" data-widget_type=\"heading.default\">\n\t\t\t\t<div class=\"elementor-widget-container\">\n\t\t\t\t\t<h2 class=\"elementor-heading-title elementor-size-default\">ACTUS<\/h2>\t\t\t\t<\/div>\n\t\t\t\t<\/div>\n\t\t\t\t<div class=\"elementor-element elementor-element-405bffb8 elementor-widget elementor-widget-text-editor\" data-id=\"405bffb8\" data-element_type=\"widget\" data-widget_type=\"text-editor.default\">\n\t\t\t\t<div class=\"elementor-widget-container\">\n\t\t\t\t\t\t\t\t\t<p>Vous retrouverez ici toutes nos actualit\u00e9s (stages, \u00e9v\u00e8nements etc) ainsi que les actualit\u00e9s li\u00e9es \u00e0 nos partenariats.<\/p>\t\t\t\t\t\t\t\t<\/div>\n\t\t\t\t<\/div>\n\t\t\t\t\t<\/div>\n\t\t<\/div>\n\t\t\t\t\t<\/div>\n\t\t<\/section>\n\t\t\t\t<section class=\"has_eae_slider elementor-section elementor-top-section elementor-element elementor-element-924a693 section-actus elementor-section-boxed elementor-section-height-default elementor-section-height-default\" data-eae-slider=\"97253\" data-id=\"924a693\" data-element_type=\"section\">\n\t\t\t\t\t\t<div class=\"elementor-container elementor-column-gap-default\">\n\t\t\t\t\t<div class=\"has_eae_slider elementor-column elementor-col-100 elementor-top-column elementor-element elementor-element-d23b38a\" data-eae-slider=\"65654\" data-id=\"d23b38a\" data-element_type=\"column\">\n\t\t\t<div class=\"elementor-widget-wrap elementor-element-populated\">\n\t\t\t\t\t\t<div class=\"elementor-element elementor-element-506b08b elementor-widget elementor-widget-heading\" data-id=\"506b08b\" data-element_type=\"widget\" data-widget_type=\"heading.default\">\n\t\t\t\t<div class=\"elementor-widget-container\">\n\t\t\t\t\t<h2 class=\"elementor-heading-title elementor-size-default\">Nos actualit\u00e9s<\/h2>\t\t\t\t<\/div>\n\t\t\t\t<\/div>\n\t\t\t\t<div class=\"elementor-element elementor-element-aa59497 premium-blog-align-left elementor-widget elementor-widget-premium-addon-blog\" data-id=\"aa59497\" data-element_type=\"widget\" data-settings=\"{&quot;premium_blog_grid&quot;:&quot;yes&quot;,&quot;premium_blog_layout&quot;:&quot;even&quot;,&quot;premium_blog_columns_number&quot;:&quot;50%&quot;,&quot;premium_blog_columns_number_tablet&quot;:&quot;50%&quot;,&quot;premium_blog_columns_number_mobile&quot;:&quot;100%&quot;}\" data-widget_type=\"premium-addon-blog.default\">\n\t\t\t\t<div class=\"elementor-widget-container\">\n\t\t\t\t\t\n\t\t\t\t<div class=\"premium-blog-wrap  premium-blog-even\" data-page=\"32\">\n\t\t\t\t\t<div class=\"premium-blog-post-outer-container\" data-total=\"1\">\r\n\t\t\t<div class=\"premium-blog-post-container premium-blog-skin-side\">\r\n\t\t\t\t\t\t\t\t\t<div class=\"premium-blog-thumb-effect-wrapper\">\r\n\t\t\t\t\t\t<div class=\"premium-blog-thumbnail-container premium-blog-zoomin-effect\">\r\n\t\t\t\t\t\t\t<img fetchpriority=\"high\" decoding=\"async\" width=\"424\" height=\"600\" src=\"https:\/\/aspttcaenvolley.fr\/wp-content\/uploads\/2022\/08\/match-gala-affiche-A4-1-e1660730804933.png\" class=\"attachment-full size-full wp-image-6444\" alt=\"Sport au f\u00e9minin 3 septembre 2022\" style=\"width:100%;height:141.51%;max-width:424px\" srcset=\"https:\/\/aspttcaenvolley.fr\/wp-content\/uploads\/2022\/08\/match-gala-affiche-A4-1-e1660730804933.png 424w, https:\/\/aspttcaenvolley.fr\/wp-content\/uploads\/2022\/08\/match-gala-affiche-A4-1-e1660730804933-212x300.png 212w\" sizes=\"(max-width: 424px) 100vw, 424px\" \/>\t\t\t\t\t\t<\/div>\r\n\t\t\t\t\t\t\t\t\t\t\t\t\t<div class=\"premium-blog-thumbnail-overlay\">\r\n\t\t\t\t\t\t\t\t<a class=\"elementor-icon\" href=\"https:\/\/aspttcaenvolley.fr\/index.php\/2023\/05\/31\/infos-finales-de-coupe-de-france-m11\/\" target=\"_blank\"><\/a>\r\n\t\t\t\t\t\t\t<\/div>\r\n\r\n\t\t\t\t\t\t\t\t\t\t\t\t\t\t\t\t\t\t<\/div>\r\n\t\t\t\t\t\t\t\t\t\t\t\t<div class=\"premium-blog-content-wrapper \">\r\n\r\n\t\t\t\t\t<div class=\"premium-blog-inner-container\">\r\n\r\n\t\t\t\t\t\t\t\t\t\t\t\t\t\t<h2 class=\"premium-blog-entry-title\">\r\n\t\t\t<a href=\"https:\/\/aspttcaenvolley.fr\/index.php\/2023\/05\/31\/infos-finales-de-coupe-de-france-m11\/\" target=\"_blank\">\r\n\t\t\t\tInfos Finales de Coupe de France M11\t\t\t<\/a>\r\n\t\t<\/h2>\r\n\t\t\t\t<div class=\"premium-blog-entry-meta\">\r\n\t\t\t\r\n\t\t\t\t\t\t\t<span class=\"premium-blog-meta-separator\">\u2022<\/span>\r\n\t\t\t\t<div class=\"premium-blog-post-time premium-blog-meta-data\">\r\n\t\t\t\t\t<i class=\"fa fa-calendar-alt\" aria-hidden=\"true\"><\/i>\r\n\t\t\t\t\t<span>31 mai 2023<\/span>\r\n\t\t\t\t<\/div>\r\n\t\t\t\r\n\t\t\t\r\n\t\t\t\t\t<\/div>\r\n\t\t\r\n\t\t\t\t\t<\/div>\r\n\r\n\t\t\t\t\t\t\t<div class=\"premium-blog-content-inner-wrapper\">\r\n\t\t<p class=\"premium-blog-post-content\">L&rsquo;ASPTT Caen Volley organise les finales de CDF M11 en partenariat avec la Ligue de Normandie de Volley les 16, \u2026<\/p>\t\t<\/div>\r\n\t\t\t\t\t\t\t\r\n\t\t\t\t<\/div>\r\n\t\t\t<\/div>\r\n\t\t<\/div>\r\n\r\n\t\t\t\t<div class=\"premium-blog-post-outer-container\" data-total=\"1\">\r\n\t\t\t<div class=\"premium-blog-post-container premium-blog-skin-side\">\r\n\t\t\t\t\t\t\t\t\t<div class=\"premium-blog-thumb-effect-wrapper\">\r\n\t\t\t\t\t\t<div class=\"premium-blog-thumbnail-container premium-blog-zoomin-effect\">\r\n\t\t\t\t\t\t\t<img fetchpriority=\"high\" decoding=\"async\" width=\"424\" height=\"600\" src=\"https:\/\/aspttcaenvolley.fr\/wp-content\/uploads\/2022\/08\/match-gala-affiche-A4-1-e1660730804933.png\" class=\"attachment-full size-full wp-image-6444\" alt=\"Sport au f\u00e9minin 3 septembre 2022\" style=\"width:100%;height:141.51%;max-width:424px\" srcset=\"https:\/\/aspttcaenvolley.fr\/wp-content\/uploads\/2022\/08\/match-gala-affiche-A4-1-e1660730804933.png 424w, https:\/\/aspttcaenvolley.fr\/wp-content\/uploads\/2022\/08\/match-gala-affiche-A4-1-e1660730804933-212x300.png 212w\" sizes=\"(max-width: 424px) 100vw, 424px\" \/>\t\t\t\t\t\t<\/div>\r\n\t\t\t\t\t\t\t\t\t\t\t\t\t<div class=\"premium-blog-thumbnail-overlay\">\r\n\t\t\t\t\t\t\t\t<a class=\"elementor-icon\" href=\"https:\/\/aspttcaenvolley.fr\/index.php\/2023\/02\/17\/infos-jumelage-frechen\/\" target=\"_blank\"><\/a>\r\n\t\t\t\t\t\t\t<\/div>\r\n\r\n\t\t\t\t\t\t\t\t\t\t\t\t\t\t\t\t\t\t<\/div>\r\n\t\t\t\t\t\t\t\t\t\t\t\t<div class=\"premium-blog-content-wrapper \">\r\n\r\n\t\t\t\t\t<div class=\"premium-blog-inner-container\">\r\n\r\n\t\t\t\t\t\t\t\t\t\t\t\t\t\t<h2 class=\"premium-blog-entry-title\">\r\n\t\t\t<a href=\"https:\/\/aspttcaenvolley.fr\/index.php\/2023\/02\/17\/infos-jumelage-frechen\/\" target=\"_blank\">\r\n\t\t\t\tInfos jumelage Allemagne\t\t\t<\/a>\r\n\t\t<\/h2>\r\n\t\t\t\t<div class=\"premium-blog-entry-meta\">\r\n\t\t\t\r\n\t\t\t\t\t\t\t<span class=\"premium-blog-meta-separator\">\u2022<\/span>\r\n\t\t\t\t<div class=\"premium-blog-post-time premium-blog-meta-data\">\r\n\t\t\t\t\t<i class=\"fa fa-calendar-alt\" aria-hidden=\"true\"><\/i>\r\n\t\t\t\t\t<span>17 f\u00e9vrier 2023<\/span>\r\n\t\t\t\t<\/div>\r\n\t\t\t\r\n\t\t\t\r\n\t\t\t\t\t<\/div>\r\n\t\t\r\n\t\t\t\t\t<\/div>\r\n\r\n\t\t\t\t\t\t\t<div class=\"premium-blog-content-inner-wrapper\">\r\n\t\t<p class=\"premium-blog-post-content\">Infos JumelageS\u00e9jour Sportif en Allemagne &#8211; 17 au 21 mai 2023 La section Volley propose \u00e0 ses jeunes adh\u00e9rentes (M13 \u2026<\/p>\t\t<\/div>\r\n\t\t\t\t\t\t\t\r\n\t\t\t\t<\/div>\r\n\t\t\t<\/div>\r\n\t\t<\/div>\r\n\r\n\t\t\t\t<div class=\"premium-blog-post-outer-container\" data-total=\"1\">\r\n\t\t\t<div class=\"premium-blog-post-container premium-blog-skin-side\">\r\n\t\t\t\t\t\t\t\t\t<div class=\"premium-blog-thumb-effect-wrapper\">\r\n\t\t\t\t\t\t<div class=\"premium-blog-thumbnail-container premium-blog-zoomin-effect\">\r\n\t\t\t\t\t\t\t<img decoding=\"async\" width=\"424\" height=\"600\" src=\"https:\/\/aspttcaenvolley.fr\/wp-content\/uploads\/2022\/08\/Flyer-stage-rentree-08-2022-e1660730789337.png\" class=\"attachment-full size-full wp-image-6432\" alt=\"Flyer stage rentr\u00e9e 08 2022\" style=\"width:100%;height:141.51%;max-width:424px\" \/>\t\t\t\t\t\t<\/div>\r\n\t\t\t\t\t\t\t\t\t\t\t\t\t<div class=\"premium-blog-thumbnail-overlay\">\r\n\t\t\t\t\t\t\t\t<a class=\"elementor-icon\" href=\"https:\/\/aspttcaenvolley.fr\/index.php\/2022\/08\/17\/stage-de-rentree-du-29-au-31-aout-2022\/\" target=\"_blank\"><\/a>\r\n\t\t\t\t\t\t\t<\/div>\r\n\r\n\t\t\t\t\t\t\t\t\t\t\t\t\t\t\t\t\t\t<\/div>\r\n\t\t\t\t\t\t\t\t\t\t\t\t<div class=\"premium-blog-content-wrapper \">\r\n\r\n\t\t\t\t\t<div class=\"premium-blog-inner-container\">\r\n\r\n\t\t\t\t\t\t\t\t\t\t\t\t\t\t<h2 class=\"premium-blog-entry-title\">\r\n\t\t\t<a href=\"https:\/\/aspttcaenvolley.fr\/index.php\/2022\/08\/17\/stage-de-rentree-du-29-au-31-aout-2022\/\" target=\"_blank\">\r\n\t\t\t\tStage de rentr\u00e9e du 29 au 31 ao\u00fbt 2022\t\t\t<\/a>\r\n\t\t<\/h2>\r\n\t\t\t\t<div class=\"premium-blog-entry-meta\">\r\n\t\t\t\r\n\t\t\t\t\t\t\t<span class=\"premium-blog-meta-separator\">\u2022<\/span>\r\n\t\t\t\t<div class=\"premium-blog-post-time premium-blog-meta-data\">\r\n\t\t\t\t\t<i class=\"fa fa-calendar-alt\" aria-hidden=\"true\"><\/i>\r\n\t\t\t\t\t<span>17 ao\u00fbt 2022<\/span>\r\n\t\t\t\t<\/div>\r\n\t\t\t\r\n\t\t\t\r\n\t\t\t\t\t<\/div>\r\n\t\t\r\n\t\t\t\t\t<\/div>\r\n\r\n\t\t\t\t\t\t\t<div class=\"premium-blog-content-inner-wrapper\">\r\n\t\t<p class=\"premium-blog-post-content\">Stage de rentr\u00e9e M13 \u00e0 M18 du 29 au 31 ao\u00fbt 2022 Un stage est propos\u00e9 les lundi 29, mardi \u2026<\/p>\t\t<\/div>\r\n\t\t\t\t\t\t\t\r\n\t\t\t\t<\/div>\r\n\t\t\t<\/div>\r\n\t\t<\/div>\r\n\r\n\t\t\t\t<\/div>\n\n\t\t\t\t\t\t<\/div>\n\t\t\t\t<\/div>\n\t\t\t\t\t<\/div>\n\t\t<\/div>\n\t\t\t\t\t<\/div>\n\t\t<\/section>\n\t\t\t\t<section class=\"has_eae_slider elementor-section elementor-top-section elementor-element elementor-element-0ed1ff1 section-actus elementor-section-boxed elementor-section-height-default elementor-section-height-default\" data-eae-slider=\"16263\" data-id=\"0ed1ff1\" data-element_type=\"section\">\n\t\t\t\t\t\t<div class=\"elementor-container elementor-column-gap-default\">\n\t\t\t\t\t<div class=\"has_eae_slider elementor-column elementor-col-100 elementor-top-column elementor-element elementor-element-be4e27c\" data-eae-slider=\"93526\" data-id=\"be4e27c\" data-element_type=\"column\">\n\t\t\t<div class=\"elementor-widget-wrap elementor-element-populated\">\n\t\t\t\t\t\t<div class=\"elementor-element elementor-element-10471af elementor-widget elementor-widget-heading\" data-id=\"10471af\" data-element_type=\"widget\" data-widget_type=\"heading.default\">\n\t\t\t\t<div class=\"elementor-widget-container\">\n\t\t\t\t\t<h2 class=\"elementor-heading-title elementor-size-default\">Les actualit\u00e9s partenariats<\/h2>\t\t\t\t<\/div>\n\t\t\t\t<\/div>\n\t\t\t\t<div class=\"elementor-element elementor-element-75a3ce3 premium-blog-align-left elementor-widget elementor-widget-premium-addon-blog\" data-id=\"75a3ce3\" data-element_type=\"widget\" data-settings=\"{&quot;premium_blog_grid&quot;:&quot;yes&quot;,&quot;premium_blog_layout&quot;:&quot;even&quot;,&quot;premium_blog_columns_number&quot;:&quot;50%&quot;,&quot;premium_blog_columns_number_tablet&quot;:&quot;50%&quot;,&quot;premium_blog_columns_number_mobile&quot;:&quot;100%&quot;}\" data-widget_type=\"premium-addon-blog.default\">\n\t\t\t\t<div class=\"elementor-widget-container\">\n\t\t\t\t\t\n\t\t\t\t<div class=\"premium-blog-wrap  premium-blog-even\" data-page=\"32\">\n\t\t\t\t\t<div class=\"premium-blog-post-outer-container\" data-total=\"1\">\r\n\t\t\t<div class=\"premium-blog-post-container premium-blog-skin-classic\">\r\n\t\t\t\t\t\t\t\t\t\t\t\t<div class=\"premium-blog-content-wrapper empty-thumb\">\r\n\r\n\t\t\t\t\t<div class=\"premium-blog-inner-container\">\r\n\r\n\t\t\t\t\t\t\t\t\t\t\t\t\t\t<h2 class=\"premium-blog-entry-title\">\r\n\t\t\t<a href=\"https:\/\/aspttcaenvolley.fr\/index.php\/2022\/03\/29\/rejoignez-nos-partenaires-sponso\/\" target=\"_blank\">\r\n\t\t\t\tRejoignez nos partenaires SPONSO+\t\t\t<\/a>\r\n\t\t<\/h2>\r\n\t\t\t\t<div class=\"premium-blog-entry-meta\">\r\n\t\t\t\r\n\t\t\t\t\t\t\t<span class=\"premium-blog-meta-separator\">\u2022<\/span>\r\n\t\t\t\t<div class=\"premium-blog-post-time premium-blog-meta-data\">\r\n\t\t\t\t\t<i class=\"fa fa-calendar-alt\" aria-hidden=\"true\"><\/i>\r\n\t\t\t\t\t<span>29 mars 2022<\/span>\r\n\t\t\t\t<\/div>\r\n\t\t\t\r\n\t\t\t\r\n\t\t\t\t\t<\/div>\r\n\t\t\r\n\t\t\t\t\t<\/div>\r\n\r\n\t\t\t\t\t\t\t<div class=\"premium-blog-content-inner-wrapper\">\r\n\t\t<p class=\"premium-blog-post-content\">Rejoignez nos partenaires SPONSO+ Avec la plateforme SPONSO+, ce sont les achats de nos sympathisants qui aident \u00e0 financer le \u2026<\/p>\t\t<\/div>\r\n\t\t\t\t\t\t\t\r\n\t\t\t\t<\/div>\r\n\t\t\t<\/div>\r\n\t\t<\/div>\r\n\r\n\t\t\t\t<div class=\"premium-blog-post-outer-container\" data-total=\"1\">\r\n\t\t\t<div class=\"premium-blog-post-container premium-blog-skin-classic\">\r\n\t\t\t\t\t\t\t\t\t<div class=\"premium-blog-thumb-effect-wrapper\">\r\n\t\t\t\t\t\t<div class=\"premium-blog-thumbnail-container premium-blog-gray-effect\">\r\n\t\t\t\t\t\t\t<img decoding=\"async\" width=\"2560\" height=\"1539\" src=\"https:\/\/aspttcaenvolley.fr\/wp-content\/uploads\/2022\/03\/vis_mon_handicap_2021-1-scaled.jpg\" class=\"attachment-full size-full wp-image-6030\" alt=\"\" style=\"width:100%;height:60.12%;max-width:2560px\" srcset=\"https:\/\/aspttcaenvolley.fr\/wp-content\/uploads\/2022\/03\/vis_mon_handicap_2021-1-scaled.jpg 2560w, https:\/\/aspttcaenvolley.fr\/wp-content\/uploads\/2022\/03\/vis_mon_handicap_2021-1-300x180.jpg 300w, https:\/\/aspttcaenvolley.fr\/wp-content\/uploads\/2022\/03\/vis_mon_handicap_2021-1-1024x616.jpg 1024w, https:\/\/aspttcaenvolley.fr\/wp-content\/uploads\/2022\/03\/vis_mon_handicap_2021-1-768x462.jpg 768w, https:\/\/aspttcaenvolley.fr\/wp-content\/uploads\/2022\/03\/vis_mon_handicap_2021-1-1536x923.jpg 1536w, https:\/\/aspttcaenvolley.fr\/wp-content\/uploads\/2022\/03\/vis_mon_handicap_2021-1-2048x1231.jpg 2048w, https:\/\/aspttcaenvolley.fr\/wp-content\/uploads\/2022\/03\/vis_mon_handicap_2021-1-1568x943.jpg 1568w\" sizes=\"(max-width: 2560px) 100vw, 2560px\" \/>\t\t\t\t\t\t<\/div>\r\n\t\t\t\t\t\t\t\t\t\t\t\t\t<div class=\"premium-blog-thumbnail-overlay\">\r\n\t\t\t\t\t\t\t\t<a class=\"elementor-icon\" href=\"https:\/\/aspttcaenvolley.fr\/index.php\/2022\/03\/25\/devenir-mecene-de-lasptt-caen-volley\/\" target=\"_blank\"><\/a>\r\n\t\t\t\t\t\t\t<\/div>\r\n\r\n\t\t\t\t\t\t\t\t\t\t\t\t\t\t\t\t\t\t<\/div>\r\n\t\t\t\t\t\t\t\t\t\t\t\t<div class=\"premium-blog-content-wrapper \">\r\n\r\n\t\t\t\t\t<div class=\"premium-blog-inner-container\">\r\n\r\n\t\t\t\t\t\t\t\t\t\t\t\t\t\t<h2 class=\"premium-blog-entry-title\">\r\n\t\t\t<a href=\"https:\/\/aspttcaenvolley.fr\/index.php\/2022\/03\/25\/devenir-mecene-de-lasptt-caen-volley\/\" target=\"_blank\">\r\n\t\t\t\tDevenir m\u00e9c\u00e8ne de l\u2019ASPTT Caen Volley\t\t\t<\/a>\r\n\t\t<\/h2>\r\n\t\t\t\t<div class=\"premium-blog-entry-meta\">\r\n\t\t\t\r\n\t\t\t\t\t\t\t<span class=\"premium-blog-meta-separator\">\u2022<\/span>\r\n\t\t\t\t<div class=\"premium-blog-post-time premium-blog-meta-data\">\r\n\t\t\t\t\t<i class=\"fa fa-calendar-alt\" aria-hidden=\"true\"><\/i>\r\n\t\t\t\t\t<span>25 mars 2022<\/span>\r\n\t\t\t\t<\/div>\r\n\t\t\t\r\n\t\t\t\r\n\t\t\t\t\t<\/div>\r\n\t\t\r\n\t\t\t\t\t<\/div>\r\n\r\n\t\t\t\t\t\t\t<div class=\"premium-blog-content-inner-wrapper\">\r\n\t\t<p class=\"premium-blog-post-content\">Devenir m\u00e9c\u00e8ne de l\u2019ASPTT Caen Volley Ensemble, contribuons \u00e0 donner acc\u00e8s au sport \u00e0 toutes et tous. Soutenir notre club \u2026<\/p>\t\t<\/div>\r\n\t\t\t\t\t\t\t\r\n\t\t\t\t<\/div>\r\n\t\t\t<\/div>\r\n\t\t<\/div>\r\n\r\n\t\t\t\t<\/div>\n\n\t\t\t\t\t\t<\/div>\n\t\t\t\t<\/div>\n\t\t\t\t\t<\/div>\n\t\t<\/div>\n\t\t\t\t\t<\/div>\n\t\t<\/section>\n\t\t\t\t<\/div>\n\t\t","protected":false},"excerpt":{"rendered":"<p>ACTUS Vous retrouverez ici toutes nos actualit\u00e9s (stages, \u00e9v\u00e8nements etc) ainsi que les actualit\u00e9s li\u00e9es \u00e0 nos partenariats. Nos actualit\u00e9s Stage de rentr\u00e9e du 29 au 31 ao\u00fbt 2022 \u2022 17 ao\u00fbt 2022 Stage de rentr\u00e9e M13 \u00e0 M18 du 29 au 31 ao\u00fbt 2022 Pour s&rsquo;inscrire, https:\/\/bit.ly\/3C689fT Les actualit\u00e9s partenariats Rejoignez nos partenaires SPONSO+&hellip; <a class=\"more-link\" href=\"https:\/\/aspttcaenvolley.fr\/index.php\/2022\/03\/25\/devenir-mecene-de-lasptt-caen-volley\/\">Poursuivre la lecture <span class=\"screen-reader-text\">Devenir m\u00e9c\u00e8ne de l\u2019ASPTT Caen Volley<\/span><\/a><\/p>\n","protected":false},"author":1,"featured_media":0,"parent":0,"menu_order":0,"comment_status":"closed","ping_status":"closed","template":"elementor_header_footer","meta":{"om_disable_all_campaigns":false,"_uf_show_specific_survey":0,"_uf_disable_surveys":false,"footnotes":""},"class_list":["post-32","page","type-page","status-publish","hentry","entry"],"aioseo_notices":[],"_links":{"self":[{"href":"https:\/\/aspttcaenvolley.fr\/index.php\/wp-json\/wp\/v2\/pages\/32","targetHints":{"allow":["GET"]}}],"collection":[{"href":"https:\/\/aspttcaenvolley.fr\/index.php\/wp-json\/wp\/v2\/pages"}],"about":[{"href":"https:\/\/aspttcaenvolley.fr\/index.php\/wp-json\/wp\/v2\/types\/page"}],"author":[{"embeddable":true,"href":"https:\/\/aspttcaenvolley.fr\/index.php\/wp-json\/wp\/v2\/users\/1"}],"replies":[{"embeddable":true,"href":"https:\/\/aspttcaenvolley.fr\/index.php\/wp-json\/wp\/v2\/comments?post=32"}],"version-history":[{"count":59,"href":"https:\/\/aspttcaenvolley.fr\/index.php\/wp-json\/wp\/v2\/pages\/32\/revisions"}],"predecessor-version":[{"id":6466,"href":"https:\/\/aspttcaenvolley.fr\/index.php\/wp-json\/wp\/v2\/pages\/32\/revisions\/6466"}],"wp:attachment":[{"href":"https:\/\/aspttcaenvolley.fr\/index.php\/wp-json\/wp\/v2\/media?parent=32"}],"curies":[{"name":"wp","href":"https:\/\/api.w.org\/{rel}","templated":true}]}}