{"id":38,"date":"2022-01-24T20:02:05","date_gmt":"2022-01-24T19:02:05","guid":{"rendered":"http:\/\/dev.aspttcaenvolley.fr\/?page_id=38"},"modified":"2022-08-17T10:36:50","modified_gmt":"2022-08-17T08:36:50","slug":"jumelage","status":"publish","type":"page","link":"https:\/\/aspttcaenvolley.fr\/index.php\/jumelage\/","title":{"rendered":"JUMELAGE"},"content":{"rendered":"\t\t<div data-elementor-type=\"wp-page\" data-elementor-id=\"38\" class=\"elementor elementor-38\">\n\t\t\t\t\t\t<section class=\"has_eae_slider elementor-section elementor-inner-section elementor-element elementor-element-36844e71 elementor-section-boxed elementor-section-height-default elementor-section-height-default\" data-eae-slider=\"83279\" data-id=\"36844e71\" data-element_type=\"section\" data-settings=\"{&quot;background_background&quot;:&quot;classic&quot;}\">\n\t\t\t\t\t\t<div class=\"elementor-container elementor-column-gap-default\">\n\t\t\t\t\t<div class=\"has_eae_slider elementor-column elementor-col-100 elementor-inner-column elementor-element elementor-element-72d25b9d col-match-live\" data-eae-slider=\"83497\" data-id=\"72d25b9d\" data-element_type=\"column\">\n\t\t\t<div class=\"elementor-widget-wrap elementor-element-populated\">\n\t\t\t\t\t\t<div class=\"elementor-element elementor-element-184a7b60 jumelage elementor-widget elementor-widget-heading\" data-id=\"184a7b60\" data-element_type=\"widget\" data-widget_type=\"heading.default\">\n\t\t\t\t<div class=\"elementor-widget-container\">\n\t\t\t\t\t<h1 class=\"elementor-heading-title elementor-size-default\">JUMELAGE<\/h1>\t\t\t\t<\/div>\n\t\t\t\t<\/div>\n\t\t\t\t<div class=\"elementor-element elementor-element-5f66d555 elementor-widget elementor-widget-text-editor\" data-id=\"5f66d555\" data-element_type=\"widget\" data-widget_type=\"text-editor.default\">\n\t\t\t\t<div class=\"elementor-widget-container\">\n\t\t\t\t\t\t\t\t\t<p>L\u2019ASPTT Caen Volley a toujours eu pour ambition d\u2019\u00e9tablir un jumelage avec un autre club europ\u00e9en. C\u2019est avec l\u2019arriv\u00e9e de Manon, charg\u00e9e de projets internationaux au sein du club, que ce projet depuis longtemps souhait\u00e9\/ambitionn\u00e9 a pu voir le jour. Nous avons identifi\u00e9 le club du\u00a0<strong><a href=\"https:\/\/voleibolmadrid.com\/\" target=\"_blank\" rel=\"noopener\">Voleibol Madrid<\/a>\u00a0<\/strong>gr\u00e2ce \u00e0 Teresa qui a notamment grandement aid\u00e9 \u00e0 la mise en relation des dirigeants.<\/p>\t\t\t\t\t\t\t\t<\/div>\n\t\t\t\t<\/div>\n\t\t\t\t\t<\/div>\n\t\t<\/div>\n\t\t\t\t\t<\/div>\n\t\t<\/section>\n\t\t\t\t<section class=\"has_eae_slider elementor-section elementor-top-section elementor-element elementor-element-fe2ca3d elementor-section-boxed elementor-section-height-default elementor-section-height-default\" data-eae-slider=\"72350\" data-id=\"fe2ca3d\" data-element_type=\"section\">\n\t\t\t\t\t\t<div class=\"elementor-container elementor-column-gap-default\">\n\t\t\t\t\t<div class=\"has_eae_slider elementor-column elementor-col-100 elementor-top-column elementor-element elementor-element-541bc37\" data-eae-slider=\"63441\" data-id=\"541bc37\" data-element_type=\"column\">\n\t\t\t<div class=\"elementor-widget-wrap elementor-element-populated\">\n\t\t\t\t\t\t<section class=\"has_eae_slider elementor-section elementor-inner-section elementor-element elementor-element-3ee9e78 elementor-section-boxed elementor-section-height-default elementor-section-height-default\" data-eae-slider=\"93804\" data-id=\"3ee9e78\" data-element_type=\"section\">\n\t\t\t\t\t\t<div class=\"elementor-container elementor-column-gap-default\">\n\t\t\t\t\t<div class=\"has_eae_slider elementor-column elementor-col-100 elementor-inner-column elementor-element elementor-element-170e8b9\" data-eae-slider=\"18747\" data-id=\"170e8b9\" data-element_type=\"column\">\n\t\t\t<div class=\"elementor-widget-wrap elementor-element-populated\">\n\t\t\t\t\t\t<div class=\"elementor-element elementor-element-4f49b9c elementor-widget elementor-widget-video\" data-id=\"4f49b9c\" data-element_type=\"widget\" data-settings=\"{&quot;youtube_url&quot;:&quot;https:\\\/\\\/www.youtube.com\\\/watch?v=qknD_3xl-VU&amp;ab_channel=ClubVoleibolMadrid&quot;,&quot;autoplay&quot;:&quot;yes&quot;,&quot;mute&quot;:&quot;yes&quot;,&quot;play_on_mobile&quot;:&quot;yes&quot;,&quot;loop&quot;:&quot;yes&quot;,&quot;video_type&quot;:&quot;youtube&quot;,&quot;controls&quot;:&quot;yes&quot;}\" data-widget_type=\"video.default\">\n\t\t\t\t<div class=\"elementor-widget-container\">\n\t\t\t\t\t\t\t<div class=\"elementor-wrapper elementor-open-inline\">\n\t\t\t<div class=\"elementor-video\"><\/div>\t\t<\/div>\n\t\t\t\t\t\t<\/div>\n\t\t\t\t<\/div>\n\t\t\t\t\t<\/div>\n\t\t<\/div>\n\t\t\t\t\t<\/div>\n\t\t<\/section>\n\t\t\t\t\t<\/div>\n\t\t<\/div>\n\t\t\t\t\t<\/div>\n\t\t<\/section>\n\t\t\t\t<section class=\"has_eae_slider elementor-section elementor-top-section elementor-element elementor-element-940d86f elementor-section-boxed elementor-section-height-default elementor-section-height-default\" data-eae-slider=\"90676\" data-id=\"940d86f\" data-element_type=\"section\" data-settings=\"{&quot;background_background&quot;:&quot;classic&quot;}\">\n\t\t\t\t\t\t<div class=\"elementor-container elementor-column-gap-default\">\n\t\t\t\t\t<div class=\"has_eae_slider elementor-column elementor-col-100 elementor-top-column elementor-element elementor-element-9131e3a\" data-eae-slider=\"69184\" data-id=\"9131e3a\" data-element_type=\"column\">\n\t\t\t<div class=\"elementor-widget-wrap elementor-element-populated\">\n\t\t\t\t\t\t<div class=\"elementor-element elementor-element-0431c09 elementor-widget elementor-widget-text-editor\" data-id=\"0431c09\" data-element_type=\"widget\" data-widget_type=\"text-editor.default\">\n\t\t\t\t<div class=\"elementor-widget-container\">\n\t\t\t\t\t\t\t\t\t<p>Le club de l\u2019ASPTT Caen Volley a pour projet d\u2019emmener ses jeunes licenci\u00e9es en Espagne dans le cadre d\u2019un jumelage avec le&nbsp;Voleibol Madrid.&nbsp;<\/p>\n<p>Apr\u00e8s avoir \u00e9tudi\u00e9 l\u2019ensemble des r\u00e9ponses du sondage fait aupr\u00e8s des jeunes, nous avons d\u00e9cid\u00e9 de partir la semaine du :<\/p>\t\t\t\t\t\t\t\t<\/div>\n\t\t\t\t<\/div>\n\t\t\t\t<section class=\"has_eae_slider elementor-section elementor-inner-section elementor-element elementor-element-2bb8365 elementor-section-boxed elementor-section-height-default elementor-section-height-default\" data-eae-slider=\"92243\" data-id=\"2bb8365\" data-element_type=\"section\">\n\t\t\t\t\t\t<div class=\"elementor-container elementor-column-gap-default\">\n\t\t\t\t\t<div class=\"has_eae_slider elementor-column elementor-col-100 elementor-inner-column elementor-element elementor-element-776c58b\" data-eae-slider=\"12720\" data-id=\"776c58b\" data-element_type=\"column\" data-settings=\"{&quot;background_background&quot;:&quot;classic&quot;}\">\n\t\t\t<div class=\"elementor-widget-wrap elementor-element-populated\">\n\t\t\t\t\t<div class=\"elementor-background-overlay\"><\/div>\n\t\t\t\t\t\t<div class=\"elementor-element elementor-element-2fa7fae elementor-widget elementor-widget-heading\" data-id=\"2fa7fae\" data-element_type=\"widget\" data-widget_type=\"heading.default\">\n\t\t\t\t<div class=\"elementor-widget-container\">\n\t\t\t\t\t<h2 class=\"elementor-heading-title elementor-size-default\">17 AU 24 JUILLET<br>2022<\/h2>\t\t\t\t<\/div>\n\t\t\t\t<\/div>\n\t\t\t\t\t<\/div>\n\t\t<\/div>\n\t\t\t\t\t<\/div>\n\t\t<\/section>\n\t\t\t\t<section class=\"has_eae_slider elementor-section elementor-inner-section elementor-element elementor-element-2c63bce elementor-section-boxed elementor-section-height-default elementor-section-height-default\" data-eae-slider=\"899\" data-id=\"2c63bce\" data-element_type=\"section\">\n\t\t\t\t\t\t<div class=\"elementor-container elementor-column-gap-default\">\n\t\t\t\t\t<div class=\"has_eae_slider elementor-column elementor-col-100 elementor-inner-column elementor-element elementor-element-bf78017\" data-eae-slider=\"65140\" data-id=\"bf78017\" data-element_type=\"column\">\n\t\t\t<div class=\"elementor-widget-wrap elementor-element-populated\">\n\t\t\t\t\t\t<div class=\"elementor-element elementor-element-fbc70cd elementor-widget elementor-widget-text-editor\" data-id=\"fbc70cd\" data-element_type=\"widget\" data-widget_type=\"text-editor.default\">\n\t\t\t\t<div class=\"elementor-widget-container\">\n\t\t\t\t\t\t\t\t\t<p>Le d\u00e9placement se fera en bus avec un chauffeur. Nous partirons le samedi 16 au matin pour une arriv\u00e9e le dimanche 17. Le retour se fera le lundi 25 juillet.<\/p><p>Les jeunes seront encadr\u00e9es par Dominique et Manon toute la semaine (trajet compris).<\/p>\t\t\t\t\t\t\t\t<\/div>\n\t\t\t\t<\/div>\n\t\t\t\t\t<\/div>\n\t\t<\/div>\n\t\t\t\t\t<\/div>\n\t\t<\/section>\n\t\t\t\t\t<\/div>\n\t\t<\/div>\n\t\t\t\t\t<\/div>\n\t\t<\/section>\n\t\t\t\t<section class=\"has_eae_slider elementor-section elementor-top-section elementor-element elementor-element-6196319 elementor-section-full_width elementor-reverse-mobile elementor-section-height-default elementor-section-height-default\" data-eae-slider=\"36595\" data-id=\"6196319\" data-element_type=\"section\" data-settings=\"{&quot;background_background&quot;:&quot;classic&quot;}\">\n\t\t\t\t\t\t<div class=\"elementor-container elementor-column-gap-default\">\n\t\t\t\t\t<div class=\"has_eae_slider elementor-column elementor-col-100 elementor-top-column elementor-element elementor-element-2f19b61\" data-eae-slider=\"25109\" data-id=\"2f19b61\" data-element_type=\"column\" data-settings=\"{&quot;background_background&quot;:&quot;classic&quot;}\">\n\t\t\t<div class=\"elementor-widget-wrap elementor-element-populated\">\n\t\t\t\t\t\t<section class=\"has_eae_slider elementor-section elementor-inner-section elementor-element elementor-element-f4918b1 elementor-section-boxed elementor-section-height-default elementor-section-height-default\" data-eae-slider=\"57468\" data-id=\"f4918b1\" data-element_type=\"section\" data-settings=\"{&quot;background_background&quot;:&quot;classic&quot;}\">\n\t\t\t\t\t\t<div class=\"elementor-container elementor-column-gap-default\">\n\t\t\t\t\t<div class=\"has_eae_slider elementor-column elementor-col-50 elementor-inner-column elementor-element elementor-element-af50036\" data-eae-slider=\"90626\" data-id=\"af50036\" data-element_type=\"column\" data-settings=\"{&quot;background_background&quot;:&quot;classic&quot;}\">\n\t\t\t<div class=\"elementor-widget-wrap elementor-element-populated\">\n\t\t\t\t\t\t<div class=\"elementor-element elementor-element-08c4c4a elementor-widget elementor-widget-heading\" data-id=\"08c4c4a\" data-element_type=\"widget\" data-widget_type=\"heading.default\">\n\t\t\t\t<div class=\"elementor-widget-container\">\n\t\t\t\t\t<h2 class=\"elementor-heading-title elementor-size-default\">TARIFS<\/h2>\t\t\t\t<\/div>\n\t\t\t\t<\/div>\n\t\t\t\t<div class=\"elementor-element elementor-element-05bc1d0 elementor-widget-divider--view-line elementor-widget elementor-widget-divider\" data-id=\"05bc1d0\" data-element_type=\"widget\" data-widget_type=\"divider.default\">\n\t\t\t\t<div class=\"elementor-widget-container\">\n\t\t\t\t\t\t\t<div class=\"elementor-divider\">\n\t\t\t<span class=\"elementor-divider-separator\">\n\t\t\t\t\t\t<\/span>\n\t\t<\/div>\n\t\t\t\t\t\t<\/div>\n\t\t\t\t<\/div>\n\t\t\t\t<div class=\"elementor-element elementor-element-4792c08 link-white elementor-widget elementor-widget-text-editor\" data-id=\"4792c08\" data-element_type=\"widget\" data-widget_type=\"text-editor.default\">\n\t\t\t\t<div class=\"elementor-widget-container\">\n\t\t\t\t\t\t\t\t\t<p>Le tarif par jeune pour une semaine (h\u00e9bergement, transport et restauration compris) est de <strong>350 \u20ac<\/strong>.<\/p><p>Attention, ce prix n\u2019est propos\u00e9 qu\u2019aux <strong>adh\u00e9rentes ASPTT Caen Volley-Ball<\/strong>. Les jeunes non licenci\u00e9es \u00e0 l\u2019ASPTT devront r\u00e9gler la somme de 400 \u20ac.<\/p><p>Le paiement doit se faire au moment de l\u2019inscription soit par <strong>virement bancaire<\/strong>, soit par <strong>ch\u00e8que<\/strong>.<\/p>\t\t\t\t\t\t\t\t<\/div>\n\t\t\t\t<\/div>\n\t\t\t\t<div class=\"elementor-element elementor-element-5851cc0 elementor-widget elementor-widget-heading\" data-id=\"5851cc0\" data-element_type=\"widget\" data-widget_type=\"heading.default\">\n\t\t\t\t<div class=\"elementor-widget-container\">\n\t\t\t\t\t<h2 class=\"elementor-heading-title elementor-size-default\">FINANCEMENT<\/h2>\t\t\t\t<\/div>\n\t\t\t\t<\/div>\n\t\t\t\t<div class=\"elementor-element elementor-element-82b4556 elementor-widget-divider--view-line elementor-widget elementor-widget-divider\" data-id=\"82b4556\" data-element_type=\"widget\" data-widget_type=\"divider.default\">\n\t\t\t\t<div class=\"elementor-widget-container\">\n\t\t\t\t\t\t\t<div class=\"elementor-divider\">\n\t\t\t<span class=\"elementor-divider-separator\">\n\t\t\t\t\t\t<\/span>\n\t\t<\/div>\n\t\t\t\t\t\t<\/div>\n\t\t\t\t<\/div>\n\t\t\t\t<div class=\"elementor-element elementor-element-51c4c2b link-white elementor-widget elementor-widget-text-editor\" data-id=\"51c4c2b\" data-element_type=\"widget\" data-widget_type=\"text-editor.default\">\n\t\t\t\t<div class=\"elementor-widget-container\">\n\t\t\t\t\t\t\t\t\t<p>La participation demand\u00e9e aux familles ne couvrant pas la totalit\u00e9 des frais, les dirigeants en appellent \u00e0 votre g\u00e9n\u00e9rosit\u00e9 afin de pouvoir financer ce dernier et permettre aux jeunes joueuses n\u00e9es entre 2002 et 2011 de pouvoir vivre une exp\u00e9rience inoubliable, \u00e0 savoir une semaine de stage de volley intensif en compagnie d\u2019entra\u00eeneurs fran\u00e7ais et espagnols. Ce stage permettra aux joueuses de se perfectionner au volley-ball mais aussi et surtout d\u2019\u00e9changer avec des joueurs et joueuses d\u2019une nationalit\u00e9 diff\u00e9rente, d\u2019\u00e9tudier leur culture et de sortir grandi de cette exp\u00e9rience.<\/p>\t\t\t\t\t\t\t\t<\/div>\n\t\t\t\t<\/div>\n\t\t\t\t\t<\/div>\n\t\t<\/div>\n\t\t\t\t<div class=\"has_eae_slider elementor-column elementor-col-50 elementor-inner-column elementor-element elementor-element-aa869fa\" data-eae-slider=\"31646\" data-id=\"aa869fa\" data-element_type=\"column\" data-settings=\"{&quot;background_background&quot;:&quot;classic&quot;}\">\n\t\t\t<div class=\"elementor-widget-wrap elementor-element-populated\">\n\t\t\t\t\t\t<div class=\"elementor-element elementor-element-6bdc5fd elementor-widget elementor-widget-heading\" data-id=\"6bdc5fd\" data-element_type=\"widget\" data-widget_type=\"heading.default\">\n\t\t\t\t<div class=\"elementor-widget-container\">\n\t\t\t\t\t<h2 class=\"elementor-heading-title elementor-size-default\">H\u00c9BERGEMENT<\/h2>\t\t\t\t<\/div>\n\t\t\t\t<\/div>\n\t\t\t\t<div class=\"elementor-element elementor-element-04da6a1 elementor-widget-divider--view-line elementor-widget elementor-widget-divider\" data-id=\"04da6a1\" data-element_type=\"widget\" data-widget_type=\"divider.default\">\n\t\t\t\t<div class=\"elementor-widget-container\">\n\t\t\t\t\t\t\t<div class=\"elementor-divider\">\n\t\t\t<span class=\"elementor-divider-separator\">\n\t\t\t\t\t\t<\/span>\n\t\t<\/div>\n\t\t\t\t\t\t<\/div>\n\t\t\t\t<\/div>\n\t\t\t\t<div class=\"elementor-element elementor-element-70fab63 link-white elementor-widget elementor-widget-text-editor\" data-id=\"70fab63\" data-element_type=\"widget\" data-widget_type=\"text-editor.default\">\n\t\t\t\t<div class=\"elementor-widget-container\">\n\t\t\t\t\t\t\t\t\t<p>L\u2019h\u00e9bergement est pr\u00e9vu \u00e0 la&nbsp;<a href=\"https:\/\/www.slamschool.es\/es\/\" target=\"_blank\" rel=\"noopener\">Slam School<\/a>.&nbsp;<\/p><p>Pour plus d\u2019information concernant les infrastructures et le d\u00e9tail du s\u00e9jour, les deux clubs ont travaill\u00e9 \u00e0 la r\u00e9alisation d\u2019une plaquette descriptive que vous pouvez consulter :<\/p>\t\t\t\t\t\t\t\t<\/div>\n\t\t\t\t<\/div>\n\t\t\t\t<div class=\"elementor-element elementor-element-4904a87 elementor-align-center elementor-widget elementor-widget-button\" data-id=\"4904a87\" data-element_type=\"widget\" data-widget_type=\"button.default\">\n\t\t\t\t<div class=\"elementor-widget-container\">\n\t\t\t\t\t\t\t\t\t<div class=\"elementor-button-wrapper\">\n\t\t\t\t\t<a class=\"elementor-button elementor-button-link elementor-size-xs\" href=\"https:\/\/aspttcaenvolley.fr\/wp-content\/uploads\/2022\/03\/plaquette_Campus-d\u00b4e\u0301te\u0301-2022_Club-Voleibol-Madrid-2.pdf\" target=\"_blank\">\n\t\t\t\t\t\t<span class=\"elementor-button-content-wrapper\">\n\t\t\t\t\t\t\t\t\t<span class=\"elementor-button-text\">Plaquette<\/span>\n\t\t\t\t\t<\/span>\n\t\t\t\t\t<\/a>\n\t\t\t\t<\/div>\n\t\t\t\t\t\t\t\t<\/div>\n\t\t\t\t<\/div>\n\t\t\t\t<div class=\"elementor-element elementor-element-e61187b link-white elementor-widget elementor-widget-text-editor\" data-id=\"e61187b\" data-element_type=\"widget\" data-widget_type=\"text-editor.default\">\n\t\t\t\t<div class=\"elementor-widget-container\">\n\t\t\t\t\t\t\t\t\t<p>La participation demand\u00e9e aux familles ne couvrant pas la totalit\u00e9 des frais, les dirigeants en appellent \u00e0 votre g\u00e9n\u00e9rosit\u00e9 afin de pouvoir financer ce dernier et permettre aux jeunes joueuses n\u00e9es entre 2002 et 2011 de pouvoir vivre une exp\u00e9rience inoubliable, \u00e0 savoir une semaine de stage de volley intensif en compagnie d\u2019entra\u00eeneurs fran\u00e7ais et espagnols.\u00a0<\/p><p>\u00a0<\/p><p>Ce stage permettra aux joueuses de se perfectionner au volley-ball mais aussi et surtout d\u2019\u00e9changer avec des joueurs et joueuses d\u2019une nationalit\u00e9 diff\u00e9rente, d\u2019\u00e9tudier leur culture et de sortir grandi de cette exp\u00e9rience.<\/p>\t\t\t\t\t\t\t\t<\/div>\n\t\t\t\t<\/div>\n\t\t\t\t\t<\/div>\n\t\t<\/div>\n\t\t\t\t\t<\/div>\n\t\t<\/section>\n\t\t\t\t<section class=\"has_eae_slider elementor-section elementor-inner-section elementor-element elementor-element-44f1315 elementor-section-boxed elementor-section-height-default elementor-section-height-default\" data-eae-slider=\"53398\" data-id=\"44f1315\" data-element_type=\"section\" data-settings=\"{&quot;background_background&quot;:&quot;classic&quot;}\">\n\t\t\t\t\t\t<div class=\"elementor-container elementor-column-gap-default\">\n\t\t\t\t\t<div class=\"has_eae_slider elementor-column elementor-col-50 elementor-inner-column elementor-element elementor-element-de40553\" data-eae-slider=\"25158\" data-id=\"de40553\" data-element_type=\"column\">\n\t\t\t<div class=\"elementor-widget-wrap elementor-element-populated\">\n\t\t\t\t\t\t<div class=\"elementor-element elementor-element-4f9667a link-white elementor-widget elementor-widget-text-editor\" data-id=\"4f9667a\" data-element_type=\"widget\" data-widget_type=\"text-editor.default\">\n\t\t\t\t<div class=\"elementor-widget-container\">\n\t\t\t\t\t\t\t\t\t<p>Pour<\/p>\t\t\t\t\t\t\t\t<\/div>\n\t\t\t\t<\/div>\n\t\t\t\t<div class=\"elementor-element elementor-element-02e0972 elementor-widget elementor-widget-heading\" data-id=\"02e0972\" data-element_type=\"widget\" data-widget_type=\"heading.default\">\n\t\t\t\t<div class=\"elementor-widget-container\">\n\t\t\t\t\t<h2 class=\"elementor-heading-title elementor-size-default\">SOUTENIR<\/h2>\t\t\t\t<\/div>\n\t\t\t\t<\/div>\n\t\t\t\t<div class=\"elementor-element elementor-element-2a09aac elementor-view-default elementor-widget elementor-widget-icon\" data-id=\"2a09aac\" data-element_type=\"widget\" data-widget_type=\"icon.default\">\n\t\t\t\t<div class=\"elementor-widget-container\">\n\t\t\t\t\t\t\t<div class=\"elementor-icon-wrapper\">\n\t\t\t<div class=\"elementor-icon\">\n\t\t\t<i aria-hidden=\"true\" class=\"fas fa-chevron-down\"><\/i>\t\t\t<\/div>\n\t\t<\/div>\n\t\t\t\t\t\t<\/div>\n\t\t\t\t<\/div>\n\t\t\t\t<div class=\"elementor-element elementor-element-465a68d elementor-align-center elementor-widget elementor-widget-button\" data-id=\"465a68d\" data-element_type=\"widget\" data-widget_type=\"button.default\">\n\t\t\t\t<div class=\"elementor-widget-container\">\n\t\t\t\t\t\t\t\t\t<div class=\"elementor-button-wrapper\">\n\t\t\t\t\t<a class=\"elementor-button elementor-button-link elementor-size-sm\" href=\"https:\/\/www.helloasso.com\/associations\/asptt%20caen%20volley\/collectes\/camp-d-ete-madrid-2022-jumelage-asptt-caen-et-club-voleibol-madrid\" target=\"_blank\">\n\t\t\t\t\t\t<span class=\"elementor-button-content-wrapper\">\n\t\t\t\t\t\t\t\t\t<span class=\"elementor-button-text\">Cagnotte en ligne<\/span>\n\t\t\t\t\t<\/span>\n\t\t\t\t\t<\/a>\n\t\t\t\t<\/div>\n\t\t\t\t\t\t\t\t<\/div>\n\t\t\t\t<\/div>\n\t\t\t\t\t<\/div>\n\t\t<\/div>\n\t\t\t\t<div class=\"has_eae_slider elementor-column elementor-col-50 elementor-inner-column elementor-element elementor-element-53978e7\" data-eae-slider=\"66029\" data-id=\"53978e7\" data-element_type=\"column\">\n\t\t\t<div class=\"elementor-widget-wrap elementor-element-populated\">\n\t\t\t\t\t\t<div class=\"elementor-element elementor-element-4a33b2b link-white elementor-widget elementor-widget-text-editor\" data-id=\"4a33b2b\" data-element_type=\"widget\" data-widget_type=\"text-editor.default\">\n\t\t\t\t<div class=\"elementor-widget-container\">\n\t\t\t\t\t\t\t\t\t<p>Pour<\/p>\t\t\t\t\t\t\t\t<\/div>\n\t\t\t\t<\/div>\n\t\t\t\t<div class=\"elementor-element elementor-element-7381a2d elementor-widget elementor-widget-heading\" data-id=\"7381a2d\" data-element_type=\"widget\" data-widget_type=\"heading.default\">\n\t\t\t\t<div class=\"elementor-widget-container\">\n\t\t\t\t\t<h2 class=\"elementor-heading-title elementor-size-default\">S'INSCRIRE<\/h2>\t\t\t\t<\/div>\n\t\t\t\t<\/div>\n\t\t\t\t<div class=\"elementor-element elementor-element-943fdf5 elementor-view-default elementor-widget elementor-widget-icon\" data-id=\"943fdf5\" data-element_type=\"widget\" data-widget_type=\"icon.default\">\n\t\t\t\t<div class=\"elementor-widget-container\">\n\t\t\t\t\t\t\t<div class=\"elementor-icon-wrapper\">\n\t\t\t<div class=\"elementor-icon\">\n\t\t\t<i aria-hidden=\"true\" class=\"fas fa-chevron-down\"><\/i>\t\t\t<\/div>\n\t\t<\/div>\n\t\t\t\t\t\t<\/div>\n\t\t\t\t<\/div>\n\t\t\t\t<div class=\"elementor-element elementor-element-135aa9e elementor-align-center elementor-widget elementor-widget-button\" data-id=\"135aa9e\" data-element_type=\"widget\" data-widget_type=\"button.default\">\n\t\t\t\t<div class=\"elementor-widget-container\">\n\t\t\t\t\t\t\t\t\t<div class=\"elementor-button-wrapper\">\n\t\t\t\t\t<a class=\"elementor-button elementor-button-link elementor-size-sm\" href=\"https:\/\/docs.google.com\/forms\/d\/e\/1FAIpQLSeSwSo6KZTKIz2wA4mHXg4UkRCgrtrraFXc_Dx-X-tHalIbkg\/viewform?usp=pp_url\" target=\"_blank\">\n\t\t\t\t\t\t<span class=\"elementor-button-content-wrapper\">\n\t\t\t\t\t\t\t\t\t<span class=\"elementor-button-text\">Formulaire en ligne<\/span>\n\t\t\t\t\t<\/span>\n\t\t\t\t\t<\/a>\n\t\t\t\t<\/div>\n\t\t\t\t\t\t\t\t<\/div>\n\t\t\t\t<\/div>\n\t\t\t\t\t<\/div>\n\t\t<\/div>\n\t\t\t\t\t<\/div>\n\t\t<\/section>\n\t\t\t\t\t<\/div>\n\t\t<\/div>\n\t\t\t\t\t<\/div>\n\t\t<\/section>\n\t\t\t\t<\/div>\n\t\t","protected":false},"excerpt":{"rendered":"<p>JUMELAGE L\u2019ASPTT Caen Volley a toujours eu pour ambition d\u2019\u00e9tablir un jumelage avec un autre club europ\u00e9en. C\u2019est avec l\u2019arriv\u00e9e de Manon, charg\u00e9e de projets internationaux au sein du club, que ce projet depuis longtemps souhait\u00e9\/ambitionn\u00e9 a pu voir le jour. Nous avons identifi\u00e9 le club du&nbsp;Voleibol Madrid&nbsp;gr\u00e2ce \u00e0 Teresa qui a notamment grandement aid\u00e9&hellip; <a class=\"more-link\" href=\"https:\/\/aspttcaenvolley.fr\/index.php\/jumelage\/\">Poursuivre la lecture <span class=\"screen-reader-text\">JUMELAGE<\/span><\/a><\/p>\n","protected":false},"author":1,"featured_media":0,"parent":0,"menu_order":0,"comment_status":"closed","ping_status":"closed","template":"elementor_header_footer","meta":{"om_disable_all_campaigns":false,"_uf_show_specific_survey":0,"_uf_disable_surveys":false,"footnotes":""},"class_list":["post-38","page","type-page","status-publish","hentry","entry"],"aioseo_notices":[],"_links":{"self":[{"href":"https:\/\/aspttcaenvolley.fr\/index.php\/wp-json\/wp\/v2\/pages\/38","targetHints":{"allow":["GET"]}}],"collection":[{"href":"https:\/\/aspttcaenvolley.fr\/index.php\/wp-json\/wp\/v2\/pages"}],"about":[{"href":"https:\/\/aspttcaenvolley.fr\/index.php\/wp-json\/wp\/v2\/types\/page"}],"author":[{"embeddable":true,"href":"https:\/\/aspttcaenvolley.fr\/index.php\/wp-json\/wp\/v2\/users\/1"}],"replies":[{"embeddable":true,"href":"https:\/\/aspttcaenvolley.fr\/index.php\/wp-json\/wp\/v2\/comments?post=38"}],"version-history":[{"count":313,"href":"https:\/\/aspttcaenvolley.fr\/index.php\/wp-json\/wp\/v2\/pages\/38\/revisions"}],"predecessor-version":[{"id":6341,"href":"https:\/\/aspttcaenvolley.fr\/index.php\/wp-json\/wp\/v2\/pages\/38\/revisions\/6341"}],"wp:attachment":[{"href":"https:\/\/aspttcaenvolley.fr\/index.php\/wp-json\/wp\/v2\/media?parent=38"}],"curies":[{"name":"wp","href":"https:\/\/api.w.org\/{rel}","templated":true}]}}